{"id":1710,"date":"2012-02-03T12:52:30","date_gmt":"2012-02-03T12:52:30","guid":{"rendered":"http:\/\/dragib.com\/wordpress\/?page_id=1710"},"modified":"2018-06-01T13:46:43","modified_gmt":"2018-06-01T11:46:43","slug":"a-propos","status":"publish","type":"page","link":"https:\/\/dragib.com\/wordpress\/a-propos\/","title":{"rendered":"\u00c0 propos"},"content":{"rendered":"<p><img loading=\"lazy\" decoding=\"async\" class=\"alignleft\" src=\"https:\/\/dragib.com\/wordpress\/wp-content\/uploads\/2012\/apropos\/profil.jpg\" alt=\"ghislaine boutigny\" width=\"250\" height=\"284\" \/><\/p>\n<p>&nbsp;<\/p>\n<p><strong>Ghislaine Boutigny<\/strong><\/p>\n<p>Je suis une graphiste et illustratrice\u00a0 bas\u00e9e \u00e0 Lyon.<\/p>\n<p>Je partage ici mes exp\u00e9rimentations graphiques.<\/p>\n<p>Si tu veux me faire plaisir, tu peux me raconter des blagues, ou me proposer du boulot.<\/p>\n<p>Retrouve-moi aussi sur <a title=\"Ghislaine Boutigny, Graphiste, Illustratrice, Webdesigner\" href=\"http:\/\/ghislaineboutigny.fr\" target=\"_blank\" rel=\"noopener\">mon site pro perso, <\/a>mais aussi sur mon site pro collectif, <a href=\"http:\/\/utilemotif.com\">Utile Motif<\/a>\u00a0!<\/p>\n<p>&nbsp;<\/p>\n<div class='shareinpost'><ul class=\"socialwrap row\"><li class=\"iconOnly\"><a  rel='nofollow'  target='_blank'  title='Partage '  href='http:\/\/www.facebook.com\/sharer.php?u=https%3A%2F%2Fdragib.com%2Fwordpress%2Fa-propos%2F&amp;t=%C3%80+propos'  ><img  src='https:\/\/dragib.com\/wordpress\/wp-content\/plugins\/share-and-follow\/images\/blank.gif'  height='24' width='24'  class='image-24' alt='facebook'  style='background: transparent url(https:\/\/dragib.com\/wordpress\/wp-content\/plugins\/share-and-follow\/default\/24\/sprite-feb-24.png) no-repeat;padding:0;margin:0;height:24px;width:24px;background-position:-300px 0px'   \/> <span class=\"head\">Facebook<\/span><\/a><\/li><li class=\"iconOnly\"><a  rel='nofollow'  target='_blank'  title='Partage '  href='http:\/\/www.tumblr.com\/share?v=3&amp;u=https%3A%2F%2Fdragib.com%2Fwordpress%2Fa-propos%2F&amp;t=%C3%80+propos'  ><img  src='https:\/\/dragib.com\/wordpress\/wp-content\/plugins\/share-and-follow\/images\/blank.gif'  height='24' width='24'  class='image-24' alt='tumblr'  style='background: transparent url(https:\/\/dragib.com\/wordpress\/wp-content\/plugins\/share-and-follow\/default\/24\/sprite-feb-24.png) no-repeat;padding:0;margin:0;height:24px;width:24px;background-position:-1600px 0px'   \/> <span class=\"head\">Tumblr<\/span><\/a><\/li><li class=\"iconOnly\"><a  rel='nofollow'  target='_blank'  title='Partage '  href=\"http:\/\/twitter.com\/share?url=https%253A%252F%252Fdragib.com%252Fwordpress%252Fa-propos%252F&amp;text=G%C3%A9niale%2C+cette+%40Dragib++-+\"  ><img  src='https:\/\/dragib.com\/wordpress\/wp-content\/plugins\/share-and-follow\/images\/blank.gif'  height='24' width='24'  class='image-24' alt='twitter'  style='background: transparent url(https:\/\/dragib.com\/wordpress\/wp-content\/plugins\/share-and-follow\/default\/24\/sprite-feb-24.png) no-repeat;padding:0;margin:0;height:24px;width:24px;background-position:-1625px 0px'   \/> <span class=\"head\">Tweete ce post<\/span><\/a><\/li><li class=\"iconOnly\"><a  rel='nofollow'  target='_self'  title='Marque-page'  href='javascript:window.bookMark(\"https%3A%2F%2Fdragib.com%2Fwordpress%2Fa-propos%2F\", \"%C3%80+propos\", BrowserDetect.browser);'  ><img  src='https:\/\/dragib.com\/wordpress\/wp-content\/plugins\/share-and-follow\/images\/blank.gif'  height='24' width='24'  class='image-24' alt='bookmark'  style='background: transparent url(https:\/\/dragib.com\/wordpress\/wp-content\/plugins\/share-and-follow\/default\/24\/sprite-feb-24.png) no-repeat;padding:0;margin:0;height:24px;width:24px;background-position:-100px 0px'   \/> <span class=\"head\">Marque cette page<\/span><\/a><\/li><li class=\"iconOnly\"><a rel=\"_self\" href=\"mailto:?subject=Le%20fromage,%20l&#039;univers%20et%20le%20reste%20:%20\u00c0%20propos&amp;body=Regarde%20donc%20cette%20note%20de%20blog%20g\u00e9niale%20que%20j'ai%20trouv\u00e9.%20%20https:\/\/dragib.com\/wordpress\/a-propos\/\" title=\"Partage \\\"\u00c0 propos\\\" par email\"><img loading=\"lazy\" decoding=\"async\" src=\"https:\/\/dragib.com\/wordpress\/wp-content\/plugins\/share-and-follow\/images\/blank.gif\" height=\"24\"  width=\"24\" style=\"background: transparent url(https:\/\/dragib.com\/wordpress\/wp-content\/plugins\/share-and-follow\/default\/24\/sprite-feb-24.png) no-repeat;padding:0;margin:0;height:24px;width:24px;background-position:-275px 0px\" class=\"image-24\"  alt=\"email\" \/> <span class=\"head\">Tell a friend<\/span><\/a><\/li><\/ul><div class=\"clean\"><\/div> <\/div>","protected":false},"excerpt":{"rendered":"<p>&nbsp; Ghislaine Boutigny Je suis une graphiste et illustratrice\u00a0 bas\u00e9e \u00e0 Lyon. Je partage ici mes exp\u00e9rimentations graphiques. Si tu veux me faire plaisir, tu peux me raconter des blagues, ou me proposer du boulot. Retrouve-moi aussi sur mon site pro perso, mais aussi sur mon site pro collectif, Utile Motif\u00a0! &nbsp; Facebook Tumblr Tweete <a href='https:\/\/dragib.com\/wordpress\/a-propos\/' class='excerpt-more'>[&#8230;]<\/a><\/p>\n","protected":false},"author":1,"featured_media":0,"parent":0,"menu_order":1,"comment_status":"closed","ping_status":"closed","template":"no-sidebars.php","meta":{"footnotes":""},"class_list":["post-1710","page","type-page","status-publish","hentry","post-seq-1","post-parity-odd","meta-position-corners","fix"],"_links":{"self":[{"href":"https:\/\/dragib.com\/wordpress\/wp-json\/wp\/v2\/pages\/1710","targetHints":{"allow":["GET"]}}],"collection":[{"href":"https:\/\/dragib.com\/wordpress\/wp-json\/wp\/v2\/pages"}],"about":[{"href":"https:\/\/dragib.com\/wordpress\/wp-json\/wp\/v2\/types\/page"}],"author":[{"embeddable":true,"href":"https:\/\/dragib.com\/wordpress\/wp-json\/wp\/v2\/users\/1"}],"replies":[{"embeddable":true,"href":"https:\/\/dragib.com\/wordpress\/wp-json\/wp\/v2\/comments?post=1710"}],"version-history":[{"count":23,"href":"https:\/\/dragib.com\/wordpress\/wp-json\/wp\/v2\/pages\/1710\/revisions"}],"predecessor-version":[{"id":2214,"href":"https:\/\/dragib.com\/wordpress\/wp-json\/wp\/v2\/pages\/1710\/revisions\/2214"}],"wp:attachment":[{"href":"https:\/\/dragib.com\/wordpress\/wp-json\/wp\/v2\/media?parent=1710"}],"curies":[{"name":"wp","href":"https:\/\/api.w.org\/{rel}","templated":true}]}}